{"id":297,"date":"2014-08-11T11:21:07","date_gmt":"2014-08-11T11:21:07","guid":{"rendered":"http:\/\/www.gt3themes.com\/wordpress-themes\/pure\/?page_id=146"},"modified":"2020-06-16T18:13:32","modified_gmt":"2020-06-16T18:13:32","slug":"contacts","status":"publish","type":"page","link":"https:\/\/crisanta.ro\/ro\/contacts\/","title":{"rendered":"Contact"},"content":{"rendered":"<div class='row'><div style='padding-bottom:30px;' class='span12 first-module module_number_1 module_cont  module_contact_info'><ul class='contact_info_list'><li class='contact_info_item'><div class='contact_info_wrapper'><span class='contact_info_icon' style='background:#;'><i style='color:#bc6565' class='icon-home'><\/i><\/span><div class=\"contact_info_text\">Bucure\u0219ti, Rom\u00e2nia<\/div><\/div><\/li><li class='contact_info_item'><div class='contact_info_wrapper'><span class='contact_info_icon' style='background:#;'><i style='color:#bc6565' class='icon-phone'><\/i><\/span><div class=\"contact_info_text\"><a href=\"tel:0040740127890\">+40 740 127 890<\/a><\/div><\/div><\/li><li class='contact_info_item'><div class='contact_info_wrapper'><span class='contact_info_icon' style='background:#;'><i style='color:#bc6565' class='icon-envelope-alt'><\/i><\/span><div class=\"contact_info_text\"><a href=\"mailto:arch.crisanta.mocanu@gmail.com\">arch.crisanta.mocanu@gmail.com<\/a><\/div><\/div><\/li><li class='contact_info_item'><div class='contact_info_wrapper'><span class='contact_info_icon' style='background:#;'><i style='color:#bc6565' class='icon-xing'><\/i><\/span><div class=\"contact_info_text\"><a href=\"https:\/\/www.deviantart.com\/ana-crisanta\">DevianArt<\/a><\/div><\/div><\/li><\/ul><\/div><!-- .module_cont --><\/div><div class='row'><div style='padding-bottom:20px;' class='span12  module_number_2 module_cont  module_text_area'>\r\n                <div class='module_content'>\r\n                    <p style=\"text-align: justify;\">Programul meu de lucru este de Luni - Vineri, \u00eentre orele 10:00 - 19:00, dar nu ezita\u021bi s\u0103 m\u0103 contacta\u021bi pe email oric\u00e2nd. V\u0103 voi r\u0103spunde c\u00e2t mai repede posibil.<\/p>\r\n                <\/div><\/div><!-- .module_cont --><\/div><div class='row'><div style='padding-bottom:0px;' class='span12  module_number_3 module_cont  module_text_area'>\r\n                <div class='module_content'>\r\n                    <p>Mul\u021bumesc! \ud83d\ude42<\/p>\r\n                <\/div><\/div><!-- .module_cont --><\/div>","protected":false},"excerpt":{"rendered":"<p>Bucharest, Romania+40 740 127 890arch.crisanta.mocanu@gmail.comDevianArt My working hours are Monday &#8211; Friday, from 10:00 to 19:00, but do not hesitate to contact me by email at any time. I will answer you as soon as possible. Thank you! \ud83d\ude42<\/p>","protected":false},"author":1,"featured_media":0,"parent":0,"menu_order":0,"comment_status":"closed","ping_status":"open","template":"page-contacts.php","meta":[],"_links":{"self":[{"href":"https:\/\/crisanta.ro\/ro\/wp-json\/wp\/v2\/pages\/297"}],"collection":[{"href":"https:\/\/crisanta.ro\/ro\/wp-json\/wp\/v2\/pages"}],"about":[{"href":"https:\/\/crisanta.ro\/ro\/wp-json\/wp\/v2\/types\/page"}],"author":[{"embeddable":true,"href":"https:\/\/crisanta.ro\/ro\/wp-json\/wp\/v2\/users\/1"}],"replies":[{"embeddable":true,"href":"https:\/\/crisanta.ro\/ro\/wp-json\/wp\/v2\/comments?post=297"}],"version-history":[{"count":2,"href":"https:\/\/crisanta.ro\/ro\/wp-json\/wp\/v2\/pages\/297\/revisions"}],"predecessor-version":[{"id":304,"href":"https:\/\/crisanta.ro\/ro\/wp-json\/wp\/v2\/pages\/297\/revisions\/304"}],"wp:attachment":[{"href":"https:\/\/crisanta.ro\/ro\/wp-json\/wp\/v2\/media?parent=297"}],"curies":[{"name":"wp","href":"https:\/\/api.w.org\/{rel}","templated":true}]}}