{"id":247,"date":"2014-08-18T14:08:06","date_gmt":"2014-08-18T14:08:06","guid":{"rendered":"http:\/\/www.gt3themes.com\/wordpress-themes\/pure\/?page_id=247"},"modified":"2020-06-15T19:35:41","modified_gmt":"2020-06-15T19:35:41","slug":"about-our-studio","status":"publish","type":"page","link":"https:\/\/crisanta.ro\/ro\/about-our-studio\/","title":{"rendered":"Despre mine"},"content":{"rendered":"<p><img loading=\"lazy\" class=\"size-medium wp-image-457 alignleft\" src=\"http:\/\/crisanta.ro\/wp-content\/uploads\/2020\/06\/IMG_6539-3-169x300.jpg\" alt=\"\" width=\"169\" height=\"300\" srcset=\"https:\/\/crisanta.ro\/wp-content\/uploads\/2020\/06\/IMG_6539-3-169x300.jpg 169w, https:\/\/crisanta.ro\/wp-content\/uploads\/2020\/06\/IMG_6539-3-577x1024.jpg 577w, https:\/\/crisanta.ro\/wp-content\/uploads\/2020\/06\/IMG_6539-3.jpg 640w\" sizes=\"(max-width: 169px) 100vw, 169px\" \/>Am absolvit masteratul la Universitatea de Arhitectur\u0103 \u0219i Urbanism \u201eIon Mincu\u201d din Bucure\u0219ti, ca parte a clasei 2015 cu un proiect de diplom\u0103 bazat pe interesul \u00een Arhitectura tradi\u021bional\u0103 japonez\u0103 \u0219i o diserta\u021bie care leag\u0103 limbajul arhitectural \u00een Arhitectura tradi\u021bional\u0103 rom\u00e2neasc\u0103 \u0219i japonez\u0103 arhitectur\u0103 vernacular\u0103. Accentul proiectului este rela\u021bia dintre spa\u021biul interior \u0219i spa\u021biul exterior; solu\u021bia mea pentru un centru cultural japonez din Bucure\u0219ti a fost s\u0103 reinterpretez limbajul \u0219i motivele arhitecturale tradi\u021bionale \u0219intoare \u00eentr-o form\u0103 modern\u0103. Acest interes st\u0103 la baza cercet\u0103rii mele postuniversitare \u00een domeniul limbajului arhitectural, doctoratul meu este intitulat \u201eArhitectur\u0103 tradi\u021bional\u0103 rom\u00e2neasc\u0103 \u0219i japonez\u0103 - similaritate, diferen\u021b\u0103 \u0219i controvers\u0103\u201d \u00een care analizez diferitele tipuri de arhitectur\u0103 tradi\u021bional\u0103 \u0219i le compar pe cele dou\u0103 pentru a genera un ghid de creere a arhitecturii contemporane bazate pe mijloace \u0219i concepte tradi\u021bionale.<\/p>\n<p>\u00centotdeauna am avut un interes profund pentru toate formele de arhitectur\u0103, art\u0103 \u0219i design. C\u00e2t am fost la \u0219coala de arhitectur\u0103, am fost implicat \u00een planificarea \u0219i execu\u021bia muzeului Universit\u0103\u021bii Ion Mincu, precum \u0219i \u00een crearea \u0219i implementarea expozi\u021biei permanente \u201eArhitec\u021bi Creatori de Patrimoniu\u201d la U.A.U.I.M. precum \u0219i expozi\u021bia temporar\u0103 o art\u0103 Institutul Cultural Rom\u00e2n sub tutela prof. dr. arh. Cristina Olga Gociman. \u00cen al patrulea an la U.A.U.I.M., am participat \u0219i am ajuns s\u0103 fiu \u00een selec\u021bia finalist\u0103 pentru extinderea Academiei de Studii Economice din Bucure\u0219ti prin utilizarea conceptului de arhitectur\u0103 origami. \u00cen timp ce eram \u00eenc\u0103 \u00een \u0219coala de arhitectur\u0103, mi-am manifestat capacit\u0103\u021bile artistice \u0219i grafice particip\u00e2nd \u0219i c\u00e2\u0219tig\u00e2nd primul loc la prima competi\u021bie de ilustrare a The East European Comic Con \u00een 2013 \u0219i fiind publicat\u0103, am c\u00e2\u0219tigat locul doi \u00een \u201eMute Comic\u201d din Manga Zen Almanach \u201dVol. 5 \u00een acela\u0219i an. Interesul meu de a crea solu\u021bii unice particulare a fost evident, prin faptul c\u0103 am ajuns finalist \u00een cadrul concursului Justi\u021bia Blocului \u0219i faptul c\u0103 proiectul meu numit \u201eThe Justice Cube\u201d a fost expus la Ministerul Justi\u021biei din Rom\u00e2nia \u00een vara lui 2014. Dup\u0103 absolvirea, am \u00eenceput s\u0103 lucrez \u00een domeniul arhitecturii, dar nu mi-am pierdut niciodat\u0103 interesul pentru designul interior, lucr\u00e2nd la proiecte diverse, de la apartamente \u0219i case cu diferite func\u021bii, cum ar fi: crearea \u0219i proiectarea unui penthouse \u00een 2016, proiectarea unei s\u0103li de nunt\u0103 \u00een 2017 \u0219i, cel mai recent, a unui Centru de crea\u021bie pentru copii numit \u201ejou jou\u201d din Ploie\u0219ti, anul acesta. \u00cen timp ce am lucrat la o serie de proiecte diferite, am participat la competi\u021bia interna\u021bional\u0103 de arhitectur\u0103 Tiny House \u00een vara anului 2017 al\u0103turi de M. Arch. Victor Felix Mocanu unde am creat o cas\u0103 unic\u0103 de dimensiuni reduse, care avea o form\u0103 impresionant\u0103. \u00cen toamna anului 2017, am f\u0103cut o echip\u0103 bun\u0103 cu Victor Felix Mocanu \u0219i am c\u00e2\u0219tigat locul doi la competi\u021bia City Business Center Timi\u0219oara pentru reproiectarea cele dou\u0103 holuri ale cl\u0103dirilor de birouri, unde am generat o zon\u0103 de \u0219edere inovatoare, care poate fi folosit\u0103 cu efort minim \u0219i creeaz\u0103 o \u0219ans\u0103 de a lua un minut \u0219i de a v\u0103 relaxa \u00eentr-un loc \u00een continu\u0103 mi\u0219care. \u00cen ultimii doi ani nu am ignorat pasiunea mea pentru art\u0103 \u0219i arta mea grafic\u0103 a fost publicat\u0103 \u00een volumele de poezie: \u201ePoeme Belagine\u201d \u00een 2016, \u201eMithologie Pelasga\u201d \u00een 2017 \u0219i \u201eMiracolul Reintregirii\u201d \u00een aceast\u0103 prim\u0103var\u0103 \u0219i m\u0103 preg\u0103tesc, \u00een prezent, pentru a organiza propria mea expozi\u021bie de art\u0103 grafic\u0103.<\/p>\n<p>\u00cen perioada de izolare cauzat\u0103 de pandemia global\u0103, mi-am folosit abilit\u0103\u021bile grafice pentru a oferi copiilor linii de art\u0103 pentru colorat gratuite, \u00een episoadele s\u0103pt\u0103m\u00e2nale de la \u201e\u0218coala de animale mitice\u201d, precum \u0219i un capitol special de Pa\u0219te cu iepurasul de Pa\u0219ti \u0219i familia sa.<\/p>","protected":false},"excerpt":{"rendered":"<p>I graduated with Masters degree at the \u201cIon Mincu\u201d University of Architecture and Urbanism in Bucharest, as a part of the class 2015 with a Diploma project based on interest in Traditional Japanese Architecture and a dissertation linking the architectural language in Traditional Romanian Architecture and Japanese vernacular architecture. The emphasis of the project is the relationship between the indoor space and the outdoor space; my solution for a Japanese Cultural Centre in Bucharest was to reinterpret the traditional Shinto architectural language and motifs in a modern form. This interest is the basis for my postgraduate research in the field of architectural language, my PHD is titled \u201cTraditional Romanian and Japanese Architecture &#8211; similarity, difference and controversy\u201d in which I analyse the various types of traditional architecture and compare the two to generate a guideline to creating contemporary architecture based on traditional means and concepts. I always had a profound interest in all forms of architecture, art and design; Whilesed in Architecture school, I was involved in the planning and execution of the Ion Mincu University\u2019s museum as well as creating and implementing the permanent exhibition \u201cArhitec\u021bi Creatori de Patrimoniu\u201d at U.A.U.I.M. as well as the temporary exhibition o art [&hellip;]<\/p>","protected":false},"author":1,"featured_media":0,"parent":0,"menu_order":0,"comment_status":"closed","ping_status":"open","template":"","meta":[],"_links":{"self":[{"href":"https:\/\/crisanta.ro\/ro\/wp-json\/wp\/v2\/pages\/247"}],"collection":[{"href":"https:\/\/crisanta.ro\/ro\/wp-json\/wp\/v2\/pages"}],"about":[{"href":"https:\/\/crisanta.ro\/ro\/wp-json\/wp\/v2\/types\/page"}],"author":[{"embeddable":true,"href":"https:\/\/crisanta.ro\/ro\/wp-json\/wp\/v2\/users\/1"}],"replies":[{"embeddable":true,"href":"https:\/\/crisanta.ro\/ro\/wp-json\/wp\/v2\/comments?post=247"}],"version-history":[{"count":9,"href":"https:\/\/crisanta.ro\/ro\/wp-json\/wp\/v2\/pages\/247\/revisions"}],"predecessor-version":[{"id":458,"href":"https:\/\/crisanta.ro\/ro\/wp-json\/wp\/v2\/pages\/247\/revisions\/458"}],"wp:attachment":[{"href":"https:\/\/crisanta.ro\/ro\/wp-json\/wp\/v2\/media?parent=247"}],"curies":[{"name":"wp","href":"https:\/\/api.w.org\/{rel}","templated":true}]}}